{"id":2,"date":"2025-11-13T21:59:28","date_gmt":"2025-11-13T21:59:28","guid":{"rendered":"https:\/\/zavod-delta.org\/?page_id=2"},"modified":"2025-11-14T13:02:46","modified_gmt":"2025-11-14T13:02:46","slug":"sample-page","status":"publish","type":"page","link":"https:\/\/zavod-delta.org\/","title":{"rendered":"Zavod za napredne \u0161tudije Delta"},"content":{"rendered":"\n<figure class=\"wp-block-image aligncenter size-full\"><img loading=\"lazy\" decoding=\"async\" width=\"202\" height=\"249\" src=\"https:\/\/zavod-delta.org\/wp-content\/uploads\/2025\/11\/zavod-delta-logo.jpeg\" alt=\"\" class=\"wp-image-7\"\/><\/figure>\n\n\n\n<p><\/p>\n\n\n\n<p>Dobrodo\u0161li!<\/p>\n\n\n\n<p><strong>Zavod za napredne \u0161tudije Delta<\/strong> je sodobna raziskovalno-razvojna organizacija, usmerjena v oblikovanje u\u010dinkovitih re\u0161itev na podro\u010dju zdravja posameznika in dru\u017ebe. <\/p>\n\n\n\n<p>Povezujemo znanja na podro\u010dju integrativne medicine, osebnostnega razvoja, psihologije, komunikologije, podjetni\u0161tva in digitalnih tehnologij. <\/p>\n\n\n\n<p>Zbrana znanja pretvarjamo v prakti\u010dne modele, ki izbolj\u0161ujejo posameznike in organizacije ter krepijo njihovo prisotnost v javnem prostoru.<\/p>\n\n\n\n<p>Na\u0161e delo temelji na jasnosti, odgovornosti in strokovnosti. <\/p>\n\n\n\n<p>Verjamemo, da napredek nastane tam, kjer se zdru\u017eita zdrava pamet in premi\u0161ljena strategija. Zato ustvarjamo projekte, ki pomagajo razumeti svet okoli nas, prepoznati klju\u010dne izzive in nanje odgovoriti z re\u0161itvami, ki delujejo.<\/p>\n\n\n\n<p>Osebnostni razvoj: <a href=\"https:\/\/deltacoach.net\/\">Delta Akademija<\/a><\/p>\n\n\n\n<p>Integrativna medicina: <a href=\"https:\/\/www.planetzdravja.com\/\">Planet zdravja<\/a><\/p>\n\n\n\n<p>Komunikacija: <a href=\"https:\/\/www.agencija-rudolf.si\/\">Agencija Rudolf<\/a><\/p>\n\n\n\n<p>Zalo\u017eni\u0161tvo: <a href=\"https:\/\/govoricatelesa.si\/trgovina\/\">Knjige<\/a><\/p>\n\n\n\n<p class=\"has-text-align-center has-accent-6-background-color has-background has-small-font-size\">Zavod Delta, Stegne 3, 1000 Ljubljana, D\u0160: SI18759050, Mail: <a href=\"mailto:info@zavod-delta.org\">info@zavod-delta.org<\/a><\/p>\n","protected":false},"excerpt":{"rendered":"<p>Dobrodo\u0161li! Zavod za napredne \u0161tudije Delta je sodobna raziskovalno-razvojna organizacija, usmerjena v oblikovanje u\u010dinkovitih re\u0161itev na podro\u010dju zdravja posameznika in dru\u017ebe. Povezujemo znanja na podro\u010dju integrativne medicine, osebnostnega razvoja, psihologije, komunikologije, podjetni\u0161tva in digitalnih tehnologij. Zbrana znanja pretvarjamo v prakti\u010dne modele, ki izbolj\u0161ujejo posameznike in organizacije ter krepijo njihovo prisotnost v javnem prostoru. Na\u0161e delo [&hellip;]<\/p>\n","protected":false},"author":1,"featured_media":0,"parent":0,"menu_order":0,"comment_status":"closed","ping_status":"open","template":"","meta":{"footnotes":""},"class_list":["post-2","page","type-page","status-publish","hentry"],"_links":{"self":[{"href":"https:\/\/zavod-delta.org\/index.php?rest_route=\/wp\/v2\/pages\/2","targetHints":{"allow":["GET"]}}],"collection":[{"href":"https:\/\/zavod-delta.org\/index.php?rest_route=\/wp\/v2\/pages"}],"about":[{"href":"https:\/\/zavod-delta.org\/index.php?rest_route=\/wp\/v2\/types\/page"}],"author":[{"embeddable":true,"href":"https:\/\/zavod-delta.org\/index.php?rest_route=\/wp\/v2\/users\/1"}],"replies":[{"embeddable":true,"href":"https:\/\/zavod-delta.org\/index.php?rest_route=%2Fwp%2Fv2%2Fcomments&post=2"}],"version-history":[{"count":5,"href":"https:\/\/zavod-delta.org\/index.php?rest_route=\/wp\/v2\/pages\/2\/revisions"}],"predecessor-version":[{"id":16,"href":"https:\/\/zavod-delta.org\/index.php?rest_route=\/wp\/v2\/pages\/2\/revisions\/16"}],"wp:attachment":[{"href":"https:\/\/zavod-delta.org\/index.php?rest_route=%2Fwp%2Fv2%2Fmedia&parent=2"}],"curies":[{"name":"wp","href":"https:\/\/api.w.org\/{rel}","templated":true}]}}